{"id":96,"date":"2024-06-03T01:13:50","date_gmt":"2024-06-03T01:13:50","guid":{"rendered":"http:\/\/ecomine.ch\/?page_id=96"},"modified":"2024-11-07T16:58:05","modified_gmt":"2024-11-07T16:58:05","slug":"nachhaltigkeit","status":"publish","type":"page","link":"https:\/\/ecomine.ch\/en\/nachhaltigkeit\/","title":{"rendered":"Sustainability"},"content":{"rendered":"<div data-elementor-type=\"wp-page\" data-elementor-id=\"96\" class=\"elementor elementor-96\">\n\t\t\t\t<div class=\"elementor-element elementor-element-3d72abc e-con-full e-flex e-con e-parent\" data-id=\"3d72abc\" data-element_type=\"container\" data-e-type=\"container\" data-settings=\"{&quot;background_background&quot;:&quot;video&quot;,&quot;background_video_link&quot;:&quot;https:\\\/\\\/ecomine.ch\\\/wp-content\\\/uploads\\\/2024\\\/06\\\/nachhaltigkeit-1.mp4&quot;,&quot;background_play_on_mobile&quot;:&quot;yes&quot;,&quot;background_privacy_mode&quot;:&quot;yes&quot;,&quot;background_video_start&quot;:0}\">\n\t\t<div class=\"elementor-background-video-container\">\n\t\t\t\t\t\t\t<video class=\"elementor-background-video-hosted\" role=\"presentation\" autoplay muted playsinline loop><\/video>\n\t\t\t\t\t<\/div>\t\t<div class=\"elementor-element elementor-element-cc50e2e elementor-widget elementor-widget-heading\" data-id=\"cc50e2e\" data-element_type=\"widget\" data-e-type=\"widget\" data-widget_type=\"heading.default\">\n\t\t\t\t<div class=\"elementor-widget-container\">\n\t\t\t\t\t<h2 class=\"elementor-heading-title elementor-size-default\">Sustainability through innovative energy use and giving something back to nature. Together we are making the world a little greener<\/h2>\t\t\t\t<\/div>\n\t\t\t\t<\/div>\n\t\t\t\t<\/div>\n\t\t<div class=\"elementor-element elementor-element-0c9ccde e-flex e-con-boxed e-con e-parent\" data-id=\"0c9ccde\" data-element_type=\"container\" data-e-type=\"container\" data-settings=\"{&quot;background_background&quot;:&quot;classic&quot;}\">\n\t\t\t\t\t<div class=\"e-con-inner\">\n\t\t\t\t<div class=\"elementor-element elementor-element-bd0270e elementor-widget elementor-widget-heading\" data-id=\"bd0270e\" data-element_type=\"widget\" data-e-type=\"widget\" data-widget_type=\"heading.default\">\n\t\t\t\t<div class=\"elementor-widget-container\">\n\t\t\t\t\t<h2 class=\"elementor-heading-title elementor-size-default\">Sustainability in Action<\/h2>\t\t\t\t<\/div>\n\t\t\t\t<\/div>\n\t\t\t\t<div class=\"elementor-element elementor-element-eedf88c elementor-widget elementor-widget-heading\" data-id=\"eedf88c\" data-element_type=\"widget\" data-e-type=\"widget\" data-widget_type=\"heading.default\">\n\t\t\t\t<div class=\"elementor-widget-container\">\n\t\t\t\t\t<h2 class=\"elementor-heading-title elementor-size-default\">Sustainable Energy Use: Clever Use of Heat<\/h2>\t\t\t\t<\/div>\n\t\t\t\t<\/div>\n\t\t\t\t<div class=\"elementor-element elementor-element-fc54050 elementor-widget elementor-widget-text-editor\" data-id=\"fc54050\" data-element_type=\"widget\" data-e-type=\"widget\" data-widget_type=\"text-editor.default\">\n\t\t\t\t<div class=\"elementor-widget-container\">\n\t\t\t\t\t\t\t\t\t<p>We go one step further by making intelligent use of the thermal energy generated, which is normally considered a waste product. For example, we support Scandinavian wood producers in drying wood. In this way, we are not only giving something back, but also helping to make the world a little more sustainable.<\/p>\t\t\t\t\t\t\t\t<\/div>\n\t\t\t\t<\/div>\n\t\t<div class=\"elementor-element elementor-element-95030b4 e-con-full e-flex e-con e-child\" data-id=\"95030b4\" data-element_type=\"container\" data-e-type=\"container\" data-settings=\"{&quot;background_background&quot;:&quot;classic&quot;}\">\n\t\t\t\t<div class=\"elementor-element elementor-element-80b3709 elementor-widget elementor-widget-heading\" data-id=\"80b3709\" data-element_type=\"widget\" data-e-type=\"widget\" data-widget_type=\"heading.default\">\n\t\t\t\t<div class=\"elementor-widget-container\">\n\t\t\t\t\t<h2 class=\"elementor-heading-title elementor-size-default\"><a href=\"http:\/\/ecomine.ch\/en\/kontakt\/\">You too can become part of our\ngreen crypto movement!<\/a><\/h2>\t\t\t\t<\/div>\n\t\t\t\t<\/div>\n\t\t\t\t<\/div>\n\t\t\t\t\t<\/div>\n\t\t\t\t<\/div>\n\t\t<div class=\"elementor-element elementor-element-c5ec6f6 e-flex e-con-boxed e-con e-parent\" data-id=\"c5ec6f6\" data-element_type=\"container\" data-e-type=\"container\">\n\t\t\t\t\t<div class=\"e-con-inner\">\n\t\t\t\t<div class=\"elementor-element elementor-element-7feea34 elementor-widget elementor-widget-heading\" data-id=\"7feea34\" data-element_type=\"widget\" data-e-type=\"widget\" data-widget_type=\"heading.default\">\n\t\t\t\t<div class=\"elementor-widget-container\">\n\t\t\t\t\t<h2 class=\"elementor-heading-title elementor-size-default\">Our Partnership with One Tree Planted<\/h2>\t\t\t\t<\/div>\n\t\t\t\t<\/div>\n\t\t\t\t<div class=\"elementor-element elementor-element-34c8ff1 elementor-widget elementor-widget-text-editor\" data-id=\"34c8ff1\" data-element_type=\"widget\" data-e-type=\"widget\" data-widget_type=\"text-editor.default\">\n\t\t\t\t<div class=\"elementor-widget-container\">\n\t\t\t\t\t\t\t\t\t<p>Sustainability is a top priority at EcoMine, but we go one step further. We have an active partnership with the non-profit organization One Tree Planted, which plants trees worldwide and thus actively contributes to climate protection. With over 100 million trees already planted, their mission is impressive.<\/p><p>We are proud to be part of this important initiative. That\u2019s why we plant 10 trees for every mining device we bring into operation. In this way, we achieve a positive CO2 balance over the long term and run our mining farms with a clear conscience.<\/p><p>Find out more about how we are working with One Tree Planted to not only mine cryptocurrencies, but also actively do something for the environment.<\/p>\t\t\t\t\t\t\t\t<\/div>\n\t\t\t\t<\/div>\n\t\t<div class=\"elementor-element elementor-element-d6e8617 e-con-full e-flex e-con e-child\" data-id=\"d6e8617\" data-element_type=\"container\" data-e-type=\"container\" data-settings=\"{&quot;background_background&quot;:&quot;classic&quot;}\">\n\t\t\t\t<div class=\"elementor-element elementor-element-d5b095f elementor-widget elementor-widget-heading\" data-id=\"d5b095f\" data-element_type=\"widget\" data-e-type=\"widget\" data-widget_type=\"heading.default\">\n\t\t\t\t<div class=\"elementor-widget-container\">\n\t\t\t\t\t<h2 class=\"elementor-heading-title elementor-size-default\"><a href=\"http:\/\/ecomine.ch\/en\/kontakt\/\">You too can become part of our\ngreen crypto movement!<\/a><\/h2>\t\t\t\t<\/div>\n\t\t\t\t<\/div>\n\t\t\t\t<\/div>\n\t\t\t\t\t<\/div>\n\t\t\t\t<\/div>\n\t\t\t\t<\/div>","protected":false},"excerpt":{"rendered":"<p>Nachhaltigkeit durch innovative Energienutzung und etwas an die Natur zur\u00fcckzugeben. Gemeinsam machen wir die Welt ein St\u00fcck gr\u00fcner Nachhaltigkeit in Aktion Nachhaltige Energienutzung: W\u00e4rme clever eingesetzt Wir gehen noch einen Schritt weiter, indem wir die erzeugte W\u00e4rmeenergie, die normalerweise als Abfallprodukt betrachtet wird, intelligent nutzen. So unterst\u00fctzen wir beispielsweise skandinavische Holzproduzenten bei der Holztrocknung. Auf [&hellip;]<\/p>\n","protected":false},"author":1,"featured_media":0,"parent":0,"menu_order":0,"comment_status":"closed","ping_status":"closed","template":"","meta":{"footnotes":""},"class_list":["post-96","page","type-page","status-publish","hentry"],"_links":{"self":[{"href":"https:\/\/ecomine.ch\/en\/wp-json\/wp\/v2\/pages\/96","targetHints":{"allow":["GET"]}}],"collection":[{"href":"https:\/\/ecomine.ch\/en\/wp-json\/wp\/v2\/pages"}],"about":[{"href":"https:\/\/ecomine.ch\/en\/wp-json\/wp\/v2\/types\/page"}],"author":[{"embeddable":true,"href":"https:\/\/ecomine.ch\/en\/wp-json\/wp\/v2\/users\/1"}],"replies":[{"embeddable":true,"href":"https:\/\/ecomine.ch\/en\/wp-json\/wp\/v2\/comments?post=96"}],"version-history":[{"count":0,"href":"https:\/\/ecomine.ch\/en\/wp-json\/wp\/v2\/pages\/96\/revisions"}],"wp:attachment":[{"href":"https:\/\/ecomine.ch\/en\/wp-json\/wp\/v2\/media?parent=96"}],"curies":[{"name":"wp","href":"https:\/\/api.w.org\/{rel}","templated":true}]}}