{"id":212,"date":"2024-06-03T03:00:35","date_gmt":"2024-06-03T03:00:35","guid":{"rendered":"http:\/\/ecomine.ch\/?page_id=212"},"modified":"2026-01-09T12:59:33","modified_gmt":"2026-01-09T12:59:33","slug":"kontakt","status":"publish","type":"page","link":"https:\/\/ecomine.ch\/en\/kontakt\/","title":{"rendered":"kontakt"},"content":{"rendered":"<div data-elementor-type=\"wp-page\" data-elementor-id=\"212\" class=\"elementor elementor-212\">\n\t\t\t\t<div class=\"elementor-element elementor-element-3aa0aba e-flex e-con-boxed e-con e-parent\" data-id=\"3aa0aba\" data-element_type=\"container\" data-e-type=\"container\">\n\t\t\t\t\t<div class=\"e-con-inner\">\n\t\t\t\t<div class=\"elementor-element elementor-element-6c74dc6 elementor-widget elementor-widget-heading\" data-id=\"6c74dc6\" data-element_type=\"widget\" data-e-type=\"widget\" data-widget_type=\"heading.default\">\n\t\t\t\t<div class=\"elementor-widget-container\">\n\t\t\t\t\t<p class=\"elementor-heading-title elementor-size-default\">REQUEST<\/p>\t\t\t\t<\/div>\n\t\t\t\t<\/div>\n\t\t\t\t<div class=\"elementor-element elementor-element-a830146 elementor-widget elementor-widget-heading\" data-id=\"a830146\" data-element_type=\"widget\" data-e-type=\"widget\" data-widget_type=\"heading.default\">\n\t\t\t\t<div class=\"elementor-widget-container\">\n\t\t\t\t\t<h2 class=\"elementor-heading-title elementor-size-default\">Partner f\u00fcr professionelles Mining<\/h2>\t\t\t\t<\/div>\n\t\t\t\t<\/div>\n\t\t\t\t<div class=\"elementor-element elementor-element-e4e49e9 elementor-widget elementor-widget-text-editor\" data-id=\"e4e49e9\" data-element_type=\"widget\" data-e-type=\"widget\" data-widget_type=\"text-editor.default\">\n\t\t\t\t<div class=\"elementor-widget-container\">\n\t\t\t\t\t\t\t\t\t<p>Together we will develop the best solution for your entry into the world of cryptocurrency<br \/>mining. In order to provide you with the best possible offer tailored to your needs,<br \/>unterbreiten zu k\u00f6nnen, f\u00fcllen Sie bitte das untenstehende kontaktformular aus.<\/p>\t\t\t\t\t\t\t\t<\/div>\n\t\t\t\t<\/div>\n\t\t\t\t<div class=\"elementor-element elementor-element-6bfd3ba elementor-widget elementor-widget-shortcode\" data-id=\"6bfd3ba\" data-element_type=\"widget\" data-e-type=\"widget\" data-widget_type=\"shortcode.default\">\n\t\t\t\t<div class=\"elementor-widget-container\">\n\t\t\t\t\t\t\t<div class=\"elementor-shortcode\"><div class=\"forminator-ui forminator-custom-form forminator-custom-form-215 forminator-design--default  forminator_ajax\" data-forminator-render=\"0\" data-form=\"forminator-module-215\" data-uid=\"69f40e3dd929b\"><br\/><\/div><form\n\t\t\t\tid=\"forminator-module-215\"\n\t\t\t\tclass=\"forminator-ui forminator-custom-form forminator-custom-form-215 forminator-design--default  forminator_ajax\"\n\t\t\t\tmethod=\"post\"\n\t\t\t\tdata-forminator-render=\"0\"\n\t\t\t\tdata-form-id=\"215\"\n\t\t\t\t data-color-option=\"default\" data-design=\"default\" data-grid=\"open\" style=\"display: none;\"\n\t\t\t\tdata-uid=\"69f40e3dd929b\" action=\"\"\n\t\t\t><div role=\"alert\" aria-live=\"polite\" class=\"forminator-response-message forminator-error\" aria-hidden=\"true\"><\/div><div class=\"forminator-row\"><div id=\"name-1\" class=\"forminator-field-name forminator-col forminator-col-6\"><div class=\"forminator-field\"><label for=\"forminator-field-name-1_69f40e3dd929b\" id=\"forminator-field-name-1_69f40e3dd929b-label\" class=\"forminator-label\">FIRST NAME: <span class=\"forminator-required\">*<\/span><\/label><input type=\"text\" name=\"name-1\" value=\"\" placeholder=\"\" id=\"forminator-field-name-1_69f40e3dd929b\" class=\"forminator-input forminator-name--field\" aria-required=\"true\" autocomplete=\"name\" \/><\/div><\/div><div id=\"name-2\" class=\"forminator-field-name forminator-col forminator-col-6\"><div class=\"forminator-field\"><label for=\"forminator-field-name-2_69f40e3dd929b\" id=\"forminator-field-name-2_69f40e3dd929b-label\" class=\"forminator-label\">LAST NAME: <span class=\"forminator-required\">*<\/span><\/label><input type=\"text\" name=\"name-2\" value=\"\" placeholder=\"\" id=\"forminator-field-name-2_69f40e3dd929b\" class=\"forminator-input forminator-name--field\" aria-required=\"true\" autocomplete=\"name\" \/><\/div><\/div><\/div><div class=\"forminator-row\"><div id=\"name-3\" class=\"forminator-field-name forminator-col forminator-col-12\"><div class=\"forminator-field\"><label for=\"forminator-field-name-3_69f40e3dd929b\" id=\"forminator-field-name-3_69f40e3dd929b-label\" class=\"forminator-label\">COMPANY:<\/label><input type=\"text\" name=\"name-3\" value=\"\" placeholder=\"\" id=\"forminator-field-name-3_69f40e3dd929b\" class=\"forminator-input forminator-name--field\" aria-required=\"false\" autocomplete=\"name\" \/><\/div><\/div><\/div><div class=\"forminator-row\"><div id=\"email-1\" class=\"forminator-field-email forminator-col forminator-col-6\"><div class=\"forminator-field\"><label for=\"forminator-field-email-1_69f40e3dd929b\" id=\"forminator-field-email-1_69f40e3dd929b-label\" class=\"forminator-label\">E-MAIL: <span class=\"forminator-required\">*<\/span><\/label><input type=\"email\" name=\"email-1\" value=\"\" placeholder=\"\" id=\"forminator-field-email-1_69f40e3dd929b\" class=\"forminator-input forminator-email--field\" data-required=\"1\" aria-required=\"true\" autocomplete=\"email\" \/><\/div><\/div><div id=\"phone-1\" class=\"forminator-field-phone forminator-col forminator-col-6\"><div class=\"forminator-field\"><label for=\"forminator-field-phone-1_69f40e3dd929b\" id=\"forminator-field-phone-1_69f40e3dd929b-label\" class=\"forminator-label\">PHONE NUMBER: <span class=\"forminator-required\">*<\/span><\/label><input type=\"text\" name=\"phone-1\" value=\"\" placeholder=\"\" id=\"forminator-field-phone-1_69f40e3dd929b\" class=\"forminator-input forminator-field--phone\" data-required=\"1\" aria-required=\"true\" autocomplete=\"off\" \/><\/div><\/div><\/div><div class=\"forminator-row\"><div id=\"textarea-1\" class=\"forminator-field-textarea forminator-col forminator-col-12\"><div class=\"forminator-field\"><label for=\"forminator-field-textarea-1_69f40e3dd929b\" id=\"forminator-field-textarea-1_69f40e3dd929b-label\" class=\"forminator-label\">YOUR MESSAGE TO US:<\/label><textarea name=\"textarea-1\" placeholder=\"\" id=\"forminator-field-textarea-1_69f40e3dd929b\" class=\"forminator-textarea\" rows=\"6\" style=\"min-height:140px;\" maxlength=\"180\" ><\/textarea><span id=\"forminator-field-textarea-1_69f40e3dd929b-description\" class=\"forminator-description\"><span data-limit=\"180\" data-type=\"characters\" data-editor=\"\">0 \/ 180<\/span><\/span><\/div><\/div><\/div><div class=\"forminator-row\"><div id=\"html-1\" class=\"forminator-field-html forminator-col forminator-col-12  formtextwhite\"><div class=\"forminator-field forminator-merge-tags\" data-field=\"html-1\"><p>Mandatory fields are marked with *.<\/p><br>\n\n<p>Ecomine AG verpflichtet sich, Ihre Privatsph\u00e4re zu sch\u00fctzen und zu respektieren. Ihre pers\u00f6nlichen Daten werden ausschliesslich zur Verwaltung Ihres Kontos und zur Bereitstellung der von Ihnen gew\u00fcnschten Produkte und Dienstleistungen verwendet. Gelegentlich m\u00f6chten wir Sie \u00fcber unsere Produkte, Dienstleistungen und weitere interessante Inhalte informieren. Bitte geben Sie unten an, wie wir Sie zu diesem Zweck kontaktieren d\u00fcrfen.<\/p>\n<p>Durch das Klicken auf \"Einsenden\" erkl\u00e4ren Sie sich damit einverstanden, dass Ecomine AG die oben angegebenen personenbezogenen Daten speichert und verarbeitet, um die gew\u00fcnschten Inhalte bereitzustellen.<\/p><\/div><\/div><\/div><div class=\"forminator-row\"><div id=\"checkbox-1\" class=\"forminator-field-checkbox forminator-col forminator-col-12\"><div role=\"group\" class=\"forminator-field\" aria-labelledby=\"forminator-checkbox-group-forminator-field-checkbox-1-69f40e3dd929b-label\"><label id=\"forminator-field-checkbox-1-1-69f40e3dd929b-label\" for=\"forminator-field-checkbox-1-1-69f40e3dd929b\" class=\"forminator-checkbox\" title=\"I consent to the processing of my personal data for the purpose of processing my request. You can find more information in our privacy policy.\"><input type=\"checkbox\" name=\"checkbox-1[]\" value=\"one\" id=\"forminator-field-checkbox-1-1-69f40e3dd929b\" aria-labelledby=\"forminator-field-checkbox-1-1-69f40e3dd929b-label\" data-calculation=\"0\"   data-hidden-behavior=\"zero\"\/><span class=\"forminator-checkbox-box\" aria-hidden=\"true\"><\/span><span class=\"forminator-checkbox-label\">I consent to the processing of my personal data for the purpose of processing my request. You can find more information in our privacy policy.<\/span><\/label><\/div><\/div><\/div><input type=\"hidden\" name=\"referer_url\" value=\"\" \/><div class=\"forminator-row forminator-row-last\"><div class=\"forminator-col\"><div class=\"forminator-field\"><button class=\"forminator-button forminator-button-submit\">SUBMIT<\/button><\/div><\/div><\/div><input type=\"hidden\" id=\"forminator_nonce\" name=\"forminator_nonce\" value=\"b88da5b858\" \/><input type=\"hidden\" name=\"_wp_http_referer\" value=\"\/en\/wp-json\/wp\/v2\/pages\/212\" \/><input type=\"hidden\" name=\"form_id\" value=\"215\"><input type=\"hidden\" name=\"page_id\" value=\"212\"><input type=\"hidden\" name=\"form_type\" value=\"default\"><input type=\"hidden\" name=\"current_url\" value=\"https:\/\/ecomine.ch\/en\/kontakt\/\"><input type=\"hidden\" name=\"render_id\" value=\"0\"><input type=\"hidden\" name=\"action\" value=\"forminator_submit_form_custom-forms\"><input type=\"hidden\" name=\"trp-form-language\" value=\"en\"\/><\/form><\/div>\n\t\t\t\t\t\t<\/div>\n\t\t\t\t<\/div>\n\t\t\t\t<div class=\"elementor-element elementor-element-334f327 elementor-widget-divider--view-line elementor-widget elementor-widget-divider\" data-id=\"334f327\" data-element_type=\"widget\" data-e-type=\"widget\" data-widget_type=\"divider.default\">\n\t\t\t\t<div class=\"elementor-widget-container\">\n\t\t\t\t\t\t\t<div class=\"elementor-divider\">\n\t\t\t<span class=\"elementor-divider-separator\">\n\t\t\t\t\t\t<\/span>\n\t\t<\/div>\n\t\t\t\t\t\t<\/div>\n\t\t\t\t<\/div>\n\t\t<div class=\"elementor-element elementor-element-30664e0 e-flex e-con-boxed e-con e-child\" data-id=\"30664e0\" data-element_type=\"container\" data-e-type=\"container\">\n\t\t\t\t\t<div class=\"e-con-inner\">\n\t\t\t\t<div class=\"elementor-element elementor-element-d41ecf5 elementor-widget elementor-widget-heading\" data-id=\"d41ecf5\" data-element_type=\"widget\" data-e-type=\"widget\" data-widget_type=\"heading.default\">\n\t\t\t\t<div class=\"elementor-widget-container\">\n\t\t\t\t\t<p class=\"elementor-heading-title elementor-size-default\">You can also reach us directly:<\/p>\t\t\t\t<\/div>\n\t\t\t\t<\/div>\n\t\t<div class=\"elementor-element elementor-element-a57852b e-con-full e-flex e-con e-child\" data-id=\"a57852b\" data-element_type=\"container\" data-e-type=\"container\">\n\t\t\t\t<div class=\"elementor-element elementor-element-e7291ed elementor-widget__width-inherit elementor-widget-mobile__width-initial elementor-widget elementor-widget-text-editor\" data-id=\"e7291ed\" data-element_type=\"widget\" data-e-type=\"widget\" data-widget_type=\"text-editor.default\">\n\t\t\t\t<div class=\"elementor-widget-container\">\n\t\t\t\t\t\t\t\t\t<p>Company:<br><br>\n\nAddress:<br><br>\n\nPhone number:<br><br>\n\nE-mail:<\/p>\t\t\t\t\t\t\t\t<\/div>\n\t\t\t\t<\/div>\n\t\t\t\t<div class=\"elementor-element elementor-element-7ca3fa7 elementor-widget__width-inherit elementor-widget-mobile__width-initial elementor-widget elementor-widget-text-editor\" data-id=\"7ca3fa7\" data-element_type=\"widget\" data-e-type=\"widget\" data-widget_type=\"text-editor.default\">\n\t\t\t\t<div class=\"elementor-widget-container\">\n\t\t\t\t\t\t\t\t\t<p style=\"color: #6ce5a6;\">EcoMine AG<br \/><br \/><\/p><p>Chamerstrasse 176 6300 Zug<br \/><br \/><\/p><p>+41 41 552 88 05<br \/><br \/><\/p><p>info@ecomine.ch<\/p>\t\t\t\t\t\t\t\t<\/div>\n\t\t\t\t<\/div>\n\t\t\t\t<\/div>\n\t\t\t\t<div class=\"elementor-element elementor-element-22b43be elementor-widget__width-initial elementor-widget-mobile__width-inherit elementor-widget elementor-widget-text-editor\" data-id=\"22b43be\" data-element_type=\"widget\" data-e-type=\"widget\" data-widget_type=\"text-editor.default\">\n\t\t\t\t<div class=\"elementor-widget-container\">\n\t\t\t\t\t\t\t\t\t<p>We look forward to hearing from you and <br \/>supporting you with your cryptomining project!<\/p>\t\t\t\t\t\t\t\t<\/div>\n\t\t\t\t<\/div>\n\t\t\t\t<div class=\"elementor-element elementor-element-fd78fe8 elementor-widget__width-initial elementor-widget-mobile__width-auto e-transform elementor-widget elementor-widget-image\" data-id=\"fd78fe8\" data-element_type=\"widget\" data-e-type=\"widget\" data-settings=\"{&quot;_transform_scale_effect_hover&quot;:{&quot;unit&quot;:&quot;px&quot;,&quot;size&quot;:1.5,&quot;sizes&quot;:[]},&quot;_transform_scale_effect_hover_tablet&quot;:{&quot;unit&quot;:&quot;px&quot;,&quot;size&quot;:&quot;&quot;,&quot;sizes&quot;:[]},&quot;_transform_scale_effect_hover_mobile&quot;:{&quot;unit&quot;:&quot;px&quot;,&quot;size&quot;:&quot;&quot;,&quot;sizes&quot;:[]}}\" data-widget_type=\"image.default\">\n\t\t\t\t<div class=\"elementor-widget-container\">\n\t\t\t\t\t\t\t\t\t\t\t\t\t\t\t<img fetchpriority=\"high\" decoding=\"async\" width=\"490\" height=\"268\" src=\"https:\/\/ecomine.ch\/wp-content\/uploads\/2024\/10\/Frame-118.png\" class=\"attachment-large size-large wp-image-760\" alt=\"\" srcset=\"https:\/\/ecomine.ch\/wp-content\/uploads\/2024\/10\/Frame-118.png 490w, https:\/\/ecomine.ch\/wp-content\/uploads\/2024\/10\/Frame-118-300x164.png 300w, https:\/\/ecomine.ch\/wp-content\/uploads\/2024\/10\/Frame-118-18x10.png 18w\" sizes=\"(max-width: 490px) 100vw, 490px\" \/>\t\t\t\t\t\t\t\t\t\t\t\t\t\t\t<\/div>\n\t\t\t\t<\/div>\n\t\t\t\t\t<\/div>\n\t\t\t\t<\/div>\n\t\t\t\t\t<\/div>\n\t\t\t\t<\/div>\n\t\t\t\t<\/div>","protected":false},"excerpt":{"rendered":"<p>ANFRAGE Partner f\u00fcr professionelles Mining Gemeinsam entwickeln wir die beste L\u00f6sung f\u00fcr Ihren Einstieg in die Welt des Minings vonKryptow\u00e4hrungen. Um Ihnen das bestm\u00f6gliche, auf Ihre Bed\u00fcrfnisse zugeschnittene Angebotunterbreiten zu k\u00f6nnen, f\u00fcllen Sie bitte das untenstehende kontaktformular aus. So erreichen Sie uns auch direkt: Die Firma: Adresse: Telefon: E-mail: EcoMine AG Chamerstrasse 176 6300 Zug [&hellip;]<\/p>\n","protected":false},"author":1,"featured_media":0,"parent":0,"menu_order":0,"comment_status":"closed","ping_status":"closed","template":"","meta":{"footnotes":""},"class_list":["post-212","page","type-page","status-publish","hentry"],"_links":{"self":[{"href":"https:\/\/ecomine.ch\/en\/wp-json\/wp\/v2\/pages\/212","targetHints":{"allow":["GET"]}}],"collection":[{"href":"https:\/\/ecomine.ch\/en\/wp-json\/wp\/v2\/pages"}],"about":[{"href":"https:\/\/ecomine.ch\/en\/wp-json\/wp\/v2\/types\/page"}],"author":[{"embeddable":true,"href":"https:\/\/ecomine.ch\/en\/wp-json\/wp\/v2\/users\/1"}],"replies":[{"embeddable":true,"href":"https:\/\/ecomine.ch\/en\/wp-json\/wp\/v2\/comments?post=212"}],"version-history":[{"count":6,"href":"https:\/\/ecomine.ch\/en\/wp-json\/wp\/v2\/pages\/212\/revisions"}],"predecessor-version":[{"id":953,"href":"https:\/\/ecomine.ch\/en\/wp-json\/wp\/v2\/pages\/212\/revisions\/953"}],"wp:attachment":[{"href":"https:\/\/ecomine.ch\/en\/wp-json\/wp\/v2\/media?parent=212"}],"curies":[{"name":"wp","href":"https:\/\/api.w.org\/{rel}","templated":true}]}}