{"id":123,"date":"2024-06-03T01:33:02","date_gmt":"2024-06-03T01:33:02","guid":{"rendered":"http:\/\/ecomine.ch\/?page_id=123"},"modified":"2024-11-11T13:28:03","modified_gmt":"2024-11-11T13:28:03","slug":"dienstleistung","status":"publish","type":"page","link":"https:\/\/ecomine.ch\/en\/dienstleistung\/","title":{"rendered":"Services"},"content":{"rendered":"<div data-elementor-type=\"wp-page\" data-elementor-id=\"123\" class=\"elementor elementor-123\">\n\t\t\t\t<div class=\"elementor-element elementor-element-8532c5b e-con-full e-flex e-con e-parent\" data-id=\"8532c5b\" data-element_type=\"container\" data-e-type=\"container\" data-settings=\"{&quot;background_background&quot;:&quot;video&quot;,&quot;background_video_link&quot;:&quot;http:\\\/\\\/ecomine.ch\\\/wp-content\\\/uploads\\\/2024\\\/06\\\/dienstleistung.mov&quot;,&quot;background_play_on_mobile&quot;:&quot;yes&quot;}\">\n\t\t<div class=\"elementor-background-video-container\">\n\t\t\t\t\t\t\t<video class=\"elementor-background-video-hosted\" role=\"presentation\" autoplay muted playsinline loop><\/video>\n\t\t\t\t\t<\/div>\t\t<div class=\"elementor-element elementor-element-e59df97 elementor-widget elementor-widget-heading\" data-id=\"e59df97\" data-element_type=\"widget\" data-e-type=\"widget\" data-widget_type=\"heading.default\">\n\t\t\t\t<div class=\"elementor-widget-container\">\n\t\t\t\t\t<h2 class=\"elementor-heading-title elementor-size-default\">Efficient and sustainable crypto mining with state-of-the-art technology for maximum performance.<\/h2>\t\t\t\t<\/div>\n\t\t\t\t<\/div>\n\t\t\t\t<\/div>\n\t\t<div class=\"elementor-element elementor-element-2b352fc e-flex e-con-boxed e-con e-parent\" data-id=\"2b352fc\" data-element_type=\"container\" data-e-type=\"container\" data-settings=\"{&quot;background_background&quot;:&quot;classic&quot;}\">\n\t\t\t\t\t<div class=\"e-con-inner\">\n\t\t\t\t<div class=\"elementor-element elementor-element-43524e9 elementor-widget elementor-widget-heading\" data-id=\"43524e9\" data-element_type=\"widget\" data-e-type=\"widget\" data-widget_type=\"heading.default\">\n\t\t\t\t<div class=\"elementor-widget-container\">\n\t\t\t\t\t<h2 class=\"elementor-heading-title elementor-size-default\">Our Offers:<\/h2>\t\t\t\t<\/div>\n\t\t\t\t<\/div>\n\t\t<div class=\"elementor-element elementor-element-1785702 e-flex e-con-boxed e-con e-child\" data-id=\"1785702\" data-element_type=\"container\" data-e-type=\"container\">\n\t\t\t\t\t<div class=\"e-con-inner\">\n\t\t\t\t<div class=\"elementor-element elementor-element-f1d9158 elementor-widget__width-inherit elementor-widget-mobile__width-initial elementor-hidden-tablet elementor-hidden-mobile elementor-widget elementor-widget-image\" data-id=\"f1d9158\" data-element_type=\"widget\" data-e-type=\"widget\" data-widget_type=\"image.default\">\n\t\t\t\t<div class=\"elementor-widget-container\">\n\t\t\t\t\t\t\t\t\t\t\t\t\t\t\t<img fetchpriority=\"high\" decoding=\"async\" width=\"212\" height=\"300\" src=\"https:\/\/ecomine.ch\/wp-content\/uploads\/2024\/06\/Group-444-212x300.png\" class=\"attachment-medium size-medium wp-image-141\" alt=\"\" srcset=\"https:\/\/ecomine.ch\/wp-content\/uploads\/2024\/06\/Group-444-212x300.png 212w, https:\/\/ecomine.ch\/wp-content\/uploads\/2024\/06\/Group-444-8x12.png 8w, https:\/\/ecomine.ch\/wp-content\/uploads\/2024\/06\/Group-444.png 642w\" sizes=\"(max-width: 212px) 100vw, 212px\" \/>\t\t\t\t\t\t\t\t\t\t\t\t\t\t\t<\/div>\n\t\t\t\t<\/div>\n\t\t<div class=\"elementor-element elementor-element-21caffb e-flex e-con-boxed e-con e-child\" data-id=\"21caffb\" data-element_type=\"container\" data-e-type=\"container\">\n\t\t\t\t\t<div class=\"e-con-inner\">\n\t\t<div class=\"elementor-element elementor-element-4a350e9 elementor-hidden-desktop e-flex e-con-boxed e-con e-child\" data-id=\"4a350e9\" data-element_type=\"container\" data-e-type=\"container\">\n\t\t\t\t\t<div class=\"e-con-inner\">\n\t\t\t\t<div class=\"elementor-element elementor-element-1db27dc elementor-widget__width-inherit elementor-widget-mobile__width-initial elementor-widget elementor-widget-image\" data-id=\"1db27dc\" data-element_type=\"widget\" data-e-type=\"widget\" data-widget_type=\"image.default\">\n\t\t\t\t<div class=\"elementor-widget-container\">\n\t\t\t\t\t\t\t\t\t\t\t\t\t\t\t<img fetchpriority=\"high\" decoding=\"async\" width=\"212\" height=\"300\" src=\"https:\/\/ecomine.ch\/wp-content\/uploads\/2024\/06\/Group-444-212x300.png\" class=\"attachment-medium size-medium wp-image-141\" alt=\"\" srcset=\"https:\/\/ecomine.ch\/wp-content\/uploads\/2024\/06\/Group-444-212x300.png 212w, https:\/\/ecomine.ch\/wp-content\/uploads\/2024\/06\/Group-444-8x12.png 8w, https:\/\/ecomine.ch\/wp-content\/uploads\/2024\/06\/Group-444.png 642w\" sizes=\"(max-width: 212px) 100vw, 212px\" \/>\t\t\t\t\t\t\t\t\t\t\t\t\t\t\t<\/div>\n\t\t\t\t<\/div>\n\t\t\t\t\t<\/div>\n\t\t\t\t<\/div>\n\t\t\t\t<div class=\"elementor-element elementor-element-d09a6c6 elementor-widget elementor-widget-heading\" data-id=\"d09a6c6\" data-element_type=\"widget\" data-e-type=\"widget\" data-widget_type=\"heading.default\">\n\t\t\t\t<div class=\"elementor-widget-container\">\n\t\t\t\t\t<h2 class=\"elementor-heading-title elementor-size-default\">Product Nr.1<\/h2>\t\t\t\t<\/div>\n\t\t\t\t<\/div>\n\t\t\t\t<div class=\"elementor-element elementor-element-4909499 elementor-widget elementor-widget-text-editor\" data-id=\"4909499\" data-element_type=\"widget\" data-e-type=\"widget\" data-widget_type=\"text-editor.default\">\n\t\t\t\t<div class=\"elementor-widget-container\">\n\t\t\t\t\t\t\t\t\t<p><em><span style=\"color: #6ce5a6;\">Blockchain\/Mining Rewards:<\/span><\/em><br \/>Bitcoin (BTC)<\/p><p><em><span style=\"color: #6ce5a6;\">Volatility:<\/span><\/em><br \/>Relatively low<\/p><p><em><span style=\"color: #6ce5a6;\">Payout Cycle:<\/span><\/em><br \/>Annually<\/p><p><em><span style=\"color: #6ce5a6;\">Assumed Development of Mining Rewards:<\/span><\/em><br \/>4% \u2013 8% increase in value compared<span style=\"font-family: var( --e-global-typography-text-font-family ), Lexend; text-align: var(--text-align); font-size: 1rem;\">\u00a0to service costs\u00a0<\/span><span style=\"font-family: var( --e-global-typography-text-font-family ), Lexend; font-size: 1rem; text-align: var(--text-align);\">+ coin price development\u00a0<\/span><\/p>\t\t\t\t\t\t\t\t<\/div>\n\t\t\t\t<\/div>\n\t\t\t\t\t<\/div>\n\t\t\t\t<\/div>\n\t\t\t\t\t<\/div>\n\t\t\t\t<\/div>\n\t\t\t\t<div class=\"elementor-element elementor-element-3e95f2a elementor-widget-divider--view-line elementor-widget elementor-widget-divider\" data-id=\"3e95f2a\" data-element_type=\"widget\" data-e-type=\"widget\" data-widget_type=\"divider.default\">\n\t\t\t\t<div class=\"elementor-widget-container\">\n\t\t\t\t\t\t\t<div class=\"elementor-divider\">\n\t\t\t<span class=\"elementor-divider-separator\">\n\t\t\t\t\t\t<\/span>\n\t\t<\/div>\n\t\t\t\t\t\t<\/div>\n\t\t\t\t<\/div>\n\t\t<div class=\"elementor-element elementor-element-07ce9d4 e-flex e-con-boxed e-con e-child\" data-id=\"07ce9d4\" data-element_type=\"container\" data-e-type=\"container\">\n\t\t\t\t\t<div class=\"e-con-inner\">\n\t\t<div class=\"elementor-element elementor-element-d0b19fe e-flex e-con-boxed e-con e-child\" data-id=\"d0b19fe\" data-element_type=\"container\" data-e-type=\"container\">\n\t\t\t\t\t<div class=\"e-con-inner\">\n\t\t<div class=\"elementor-element elementor-element-28f5b44 elementor-hidden-desktop e-flex e-con-boxed e-con e-child\" data-id=\"28f5b44\" data-element_type=\"container\" data-e-type=\"container\">\n\t\t\t\t\t<div class=\"e-con-inner\">\n\t\t\t\t<div class=\"elementor-element elementor-element-0bfa982 elementor-widget__width-inherit elementor-widget-mobile__width-initial elementor-widget elementor-widget-image\" data-id=\"0bfa982\" data-element_type=\"widget\" data-e-type=\"widget\" data-widget_type=\"image.default\">\n\t\t\t\t<div class=\"elementor-widget-container\">\n\t\t\t\t\t\t\t\t\t\t\t\t\t\t\t<img decoding=\"async\" width=\"265\" height=\"300\" src=\"https:\/\/ecomine.ch\/wp-content\/uploads\/2024\/06\/Group-443-265x300.png\" class=\"attachment-medium size-medium wp-image-140\" alt=\"\" srcset=\"https:\/\/ecomine.ch\/wp-content\/uploads\/2024\/06\/Group-443-265x300.png 265w, https:\/\/ecomine.ch\/wp-content\/uploads\/2024\/06\/Group-443-768x868.png 768w, https:\/\/ecomine.ch\/wp-content\/uploads\/2024\/06\/Group-443-11x12.png 11w, https:\/\/ecomine.ch\/wp-content\/uploads\/2024\/06\/Group-443.png 833w\" sizes=\"(max-width: 265px) 100vw, 265px\" \/>\t\t\t\t\t\t\t\t\t\t\t\t\t\t\t<\/div>\n\t\t\t\t<\/div>\n\t\t\t\t\t<\/div>\n\t\t\t\t<\/div>\n\t\t\t\t<div class=\"elementor-element elementor-element-e72adfe elementor-widget elementor-widget-heading\" data-id=\"e72adfe\" data-element_type=\"widget\" data-e-type=\"widget\" data-widget_type=\"heading.default\">\n\t\t\t\t<div class=\"elementor-widget-container\">\n\t\t\t\t\t<h2 class=\"elementor-heading-title elementor-size-default\">Product Nr.2<\/h2>\t\t\t\t<\/div>\n\t\t\t\t<\/div>\n\t\t\t\t<div class=\"elementor-element elementor-element-d0ff57c elementor-widget__width-initial elementor-widget elementor-widget-text-editor\" data-id=\"d0ff57c\" data-element_type=\"widget\" data-e-type=\"widget\" data-widget_type=\"text-editor.default\">\n\t\t\t\t<div class=\"elementor-widget-container\">\n\t\t\t\t\t\t\t\t\t<p><em><span style=\"color: #6ce5a6;\">Blockchain\/Mining Rewards:<\/span><\/em><br \/>Casper (CSPR)<\/p><p><em><span style=\"color: #6ce5a6;\">Volatility:<\/span><\/em><br \/>Relatively high<\/p><p><em><span style=\"color: #6ce5a6;\">Payout Cycle:<\/span><\/em><br \/>Annually<\/p><p><em><span style=\"color: #6ce5a6;\">Assumed Development of Mining Rewards:<\/span><\/em><br \/>12% \u2013 15% increase in value compared to service costs + coin price development<\/p>\t\t\t\t\t\t\t\t<\/div>\n\t\t\t\t<\/div>\n\t\t\t\t\t<\/div>\n\t\t\t\t<\/div>\n\t\t\t\t<div class=\"elementor-element elementor-element-accbddc elementor-widget__width-inherit elementor-widget-mobile__width-initial elementor-hidden-tablet elementor-hidden-mobile elementor-widget elementor-widget-image\" data-id=\"accbddc\" data-element_type=\"widget\" data-e-type=\"widget\" data-widget_type=\"image.default\">\n\t\t\t\t<div class=\"elementor-widget-container\">\n\t\t\t\t\t\t\t\t\t\t\t\t\t\t\t<img decoding=\"async\" width=\"265\" height=\"300\" src=\"https:\/\/ecomine.ch\/wp-content\/uploads\/2024\/06\/Group-443-265x300.png\" class=\"attachment-medium size-medium wp-image-140\" alt=\"\" srcset=\"https:\/\/ecomine.ch\/wp-content\/uploads\/2024\/06\/Group-443-265x300.png 265w, https:\/\/ecomine.ch\/wp-content\/uploads\/2024\/06\/Group-443-768x868.png 768w, https:\/\/ecomine.ch\/wp-content\/uploads\/2024\/06\/Group-443-11x12.png 11w, https:\/\/ecomine.ch\/wp-content\/uploads\/2024\/06\/Group-443.png 833w\" sizes=\"(max-width: 265px) 100vw, 265px\" \/>\t\t\t\t\t\t\t\t\t\t\t\t\t\t\t<\/div>\n\t\t\t\t<\/div>\n\t\t\t\t\t<\/div>\n\t\t\t\t<\/div>\n\t\t\t\t\t<\/div>\n\t\t\t\t<\/div>\n\t\t<div class=\"elementor-element elementor-element-0846687 e-flex e-con-boxed e-con e-parent\" data-id=\"0846687\" data-element_type=\"container\" data-e-type=\"container\">\n\t\t\t\t\t<div class=\"e-con-inner\">\n\t\t\t\t<div class=\"elementor-element elementor-element-9ddc313 elementor-widget elementor-widget-heading\" data-id=\"9ddc313\" data-element_type=\"widget\" data-e-type=\"widget\" data-widget_type=\"heading.default\">\n\t\t\t\t<div class=\"elementor-widget-container\">\n\t\t\t\t\t<h2 class=\"elementor-heading-title elementor-size-default\">Our Crypto Mining Services<\/h2>\t\t\t\t<\/div>\n\t\t\t\t<\/div>\n\t\t\t\t<div class=\"elementor-element elementor-element-e634dce elementor-widget elementor-widget-text-editor\" data-id=\"e634dce\" data-element_type=\"widget\" data-e-type=\"widget\" data-widget_type=\"text-editor.default\">\n\t\t\t\t<div class=\"elementor-widget-container\">\n\t\t\t\t\t\t\t\t\t<h2>Why EcoMine?<\/h2><p>At EcoMine, we take care of everything to do with your mining plant so that you can concentrate on your core business. Our experts look after and monitor your investment throughout its entire term. And best of all, you can choose whether you want to receive your mining rewards in cryptocurrency or be paid out in fiat currency.<\/p><h2>Your Tailored Service<\/h2><p>Our customer advisors are on hand to explain all the details of our services and the exact costs. Let us provide you with a customized quote that is tailored precisely to your needs.<\/p><h2>Sustainability Is Important To Us<\/h2><p>Wir sind stolz darauf, Teil der L\u00f6sung zu sein. F\u00fcr jedes in Betrieb genommene Miningger\u00e4t pflanzen wir gemeinsam mit One Tree Planted 10 B\u00e4ume. So erreichen wir langfristig eine positive CO2 Bilanz, denn unsere Mininganlagen werden bereits zu 100% emissionsfrei betrieben.<\/p><h2>Contact Us<\/h2><p>Ready to benefit from our innovative crypto mining service? Our customer advisors look forward to paving the way to your mining rewards.<\/p>\t\t\t\t\t\t\t\t<\/div>\n\t\t\t\t<\/div>\n\t\t\t\t<div class=\"elementor-element elementor-element-336f0eb elementor-widget elementor-widget-button\" data-id=\"336f0eb\" data-element_type=\"widget\" data-e-type=\"widget\" data-widget_type=\"button.default\">\n\t\t\t\t<div class=\"elementor-widget-container\">\n\t\t\t\t\t\t\t\t\t<div class=\"elementor-button-wrapper\">\n\t\t\t\t\t<a class=\"elementor-button elementor-button-link elementor-size-sm\" href=\"http:\/\/ecomine.ch\/en\/kontakt\/\">\n\t\t\t\t\t\t<span class=\"elementor-button-content-wrapper\">\n\t\t\t\t\t\t\t\t\t<span class=\"elementor-button-text\">START NOW<\/span>\n\t\t\t\t\t<\/span>\n\t\t\t\t\t<\/a>\n\t\t\t\t<\/div>\n\t\t\t\t\t\t\t\t<\/div>\n\t\t\t\t<\/div>\n\t\t\t\t\t<\/div>\n\t\t\t\t<\/div>\n\t\t\t\t<\/div>","protected":false},"excerpt":{"rendered":"<p>Effizientes und nachhaltiges Krypto-Mining mit modernster Technologie f\u00fcr maximale Performance. Unser Angebot im \u00dcberblick: Produkt Nr.1 Blockchain\/Miningrewards:Bitcoin (BTC) Volatilit\u00e4t:Verh\u00e4ltnism\u00e4ssig niedrig Auszahlungszyklus:J\u00e4hrlich Vermutete Entwicklung der Miningrewards:4% &#8211; 8% Wertsteigerung gegen\u00fcber\u00a0Servicekosten\u00a0+ Kursentwicklung Coin\u00a0 Produkt Nr.2 Blockchain\/Miningrewards:Casper (CSPR) Volatilit\u00e4t:Verh\u00e4ltnism\u00e4ssig hoch Auszahlungszyklus:J\u00e4hrlich Vermutete Entwicklung der Miningrewards:12% &#8211; 15% Wertsteigerung gegen\u00fcber Servicekosten + Kursentwicklung Coin Unseren Kryptominingservice Warum EcoMine? Bei [&hellip;]<\/p>\n","protected":false},"author":1,"featured_media":0,"parent":0,"menu_order":0,"comment_status":"closed","ping_status":"closed","template":"","meta":{"footnotes":""},"class_list":["post-123","page","type-page","status-publish","hentry"],"_links":{"self":[{"href":"https:\/\/ecomine.ch\/en\/wp-json\/wp\/v2\/pages\/123","targetHints":{"allow":["GET"]}}],"collection":[{"href":"https:\/\/ecomine.ch\/en\/wp-json\/wp\/v2\/pages"}],"about":[{"href":"https:\/\/ecomine.ch\/en\/wp-json\/wp\/v2\/types\/page"}],"author":[{"embeddable":true,"href":"https:\/\/ecomine.ch\/en\/wp-json\/wp\/v2\/users\/1"}],"replies":[{"embeddable":true,"href":"https:\/\/ecomine.ch\/en\/wp-json\/wp\/v2\/comments?post=123"}],"version-history":[{"count":0,"href":"https:\/\/ecomine.ch\/en\/wp-json\/wp\/v2\/pages\/123\/revisions"}],"wp:attachment":[{"href":"https:\/\/ecomine.ch\/en\/wp-json\/wp\/v2\/media?parent=123"}],"curies":[{"name":"wp","href":"https:\/\/api.w.org\/{rel}","templated":true}]}}