{"id":102,"date":"2024-06-03T01:22:07","date_gmt":"2024-06-03T01:22:07","guid":{"rendered":"http:\/\/ecomine.ch\/?page_id=102"},"modified":"2024-10-30T15:47:30","modified_gmt":"2024-10-30T15:47:30","slug":"mining","status":"publish","type":"page","link":"https:\/\/ecomine.ch\/en\/mining\/","title":{"rendered":"Mining"},"content":{"rendered":"<div data-elementor-type=\"wp-page\" data-elementor-id=\"102\" class=\"elementor elementor-102\">\n\t\t\t\t<div class=\"elementor-element elementor-element-0aa9386 e-con-full e-flex e-con e-parent\" data-id=\"0aa9386\" data-element_type=\"container\" data-e-type=\"container\" data-settings=\"{&quot;background_background&quot;:&quot;video&quot;,&quot;background_video_link&quot;:&quot;http:\\\/\\\/ecomine.ch\\\/wp-content\\\/uploads\\\/2024\\\/06\\\/mining.mov&quot;,&quot;background_play_on_mobile&quot;:&quot;yes&quot;}\">\n\t\t<div class=\"elementor-background-video-container\">\n\t\t\t\t\t\t\t<video class=\"elementor-background-video-hosted\" role=\"presentation\" autoplay muted playsinline loop><\/video>\n\t\t\t\t\t<\/div>\t\t<div class=\"elementor-element elementor-element-6b3d36e elementor-widget elementor-widget-heading\" data-id=\"6b3d36e\" data-element_type=\"widget\" data-e-type=\"widget\" data-widget_type=\"heading.default\">\n\t\t\t\t<div class=\"elementor-widget-container\">\n\t\t\t\t\t<h2 class=\"elementor-heading-title elementor-size-default\">Our mining: efficient, sustainable and future-oriented.<br>\nWe bring innovation to crypto mining with state-of-the-art technology.<\/h2>\t\t\t\t<\/div>\n\t\t\t\t<\/div>\n\t\t\t\t<\/div>\n\t\t<div class=\"elementor-element elementor-element-6303916 e-flex e-con-boxed e-con e-parent\" data-id=\"6303916\" data-element_type=\"container\" data-e-type=\"container\">\n\t\t\t\t\t<div class=\"e-con-inner\">\n\t\t\t\t<div class=\"elementor-element elementor-element-250a2ba elementor-widget elementor-widget-heading\" data-id=\"250a2ba\" data-element_type=\"widget\" data-e-type=\"widget\" data-widget_type=\"heading.default\">\n\t\t\t\t<div class=\"elementor-widget-container\">\n\t\t\t\t\t<h2 class=\"elementor-heading-title elementor-size-default\">Your Access to Digital Assets<\/h2>\t\t\t\t<\/div>\n\t\t\t\t<\/div>\n\t\t\t\t<div class=\"elementor-element elementor-element-56fdfba elementor-widget elementor-widget-text-editor\" data-id=\"56fdfba\" data-element_type=\"widget\" data-e-type=\"widget\" data-widget_type=\"text-editor.default\">\n\t\t\t\t<div class=\"elementor-widget-container\">\n\t\t\t\t\t\t\t\t\t<h2>What Is Crypto Mining?<\/h2><p>Cryptomining is the process of confirming transactions on blockchain networks. Think of it as verifying transactions in a giant digital ledger known as a blockchain. Cryptominers are the bookkeepers of this digital ledger. They verify transactions by solving complex mathematical problems.<\/p><p>\u00a0<\/p><h2>How Does It Work?<\/h2><p>The blockchain is a decentralized network of computers that are connected to each other. When someone carries out a transaction, it is sent to the network. Cryptominers then collect these transactions into blocks and try to solve the mathematical puzzle for that block. The first miner to solve the puzzle can add the block to the blockchain and receives new cryptocurrency coins, the mining rewards, as a reward.<\/p><p>\u00a0<\/p><h2>Our Service:<\/h2><p>At EcoMine, we take care of cryptomining for you. Our experts operate powerful mining facilities that are used to verify and confirm the transactions on the blockchain networks. This process requires intensive computing power to solve the complex mathematical problems.<\/p><p>\u00a0<\/p><h2>Your Reward: Mining Rewards<\/h2><p>As soon as the mining system has successfully confirmed a transaction, you as a customer receive mining rewards. These can be paid out in the form of new cryptocurrency coins such as Bitcoin or Caspar. Alternatively, we also offer the option of converting your mining rewards into fiat currency.<\/p>\t\t\t\t\t\t\t\t<\/div>\n\t\t\t\t<\/div>\n\t\t\t\t<div class=\"elementor-element elementor-element-cb5f4f9 elementor-widget-divider--view-line elementor-widget elementor-widget-divider\" data-id=\"cb5f4f9\" data-element_type=\"widget\" data-e-type=\"widget\" data-widget_type=\"divider.default\">\n\t\t\t\t<div class=\"elementor-widget-container\">\n\t\t\t\t\t\t\t<div class=\"elementor-divider\">\n\t\t\t<span class=\"elementor-divider-separator\">\n\t\t\t\t\t\t<\/span>\n\t\t<\/div>\n\t\t\t\t\t\t<\/div>\n\t\t\t\t<\/div>\n\t\t\t\t<div class=\"elementor-element elementor-element-326a834 elementor-widget elementor-widget-heading\" data-id=\"326a834\" data-element_type=\"widget\" data-e-type=\"widget\" data-widget_type=\"heading.default\">\n\t\t\t\t<div class=\"elementor-widget-container\">\n\t\t\t\t\t<h2 class=\"elementor-heading-title elementor-size-default\">Your Access to Digital Assets<\/h2>\t\t\t\t<\/div>\n\t\t\t\t<\/div>\n\t\t\t\t<div class=\"elementor-element elementor-element-e14b5ac elementor-widget elementor-widget-text-editor\" data-id=\"e14b5ac\" data-element_type=\"widget\" data-e-type=\"widget\" data-widget_type=\"text-editor.default\">\n\t\t\t\t<div class=\"elementor-widget-container\">\n\t\t\t\t\t\t\t\t\t<p>Contact us today to find out more about our crypto mining service. Let us work together to shape your access to the digital assets of tomorrow.<\/p>\t\t\t\t\t\t\t\t<\/div>\n\t\t\t\t<\/div>\n\t\t\t\t<div class=\"elementor-element elementor-element-50b54bc elementor-widget elementor-widget-button\" data-id=\"50b54bc\" data-element_type=\"widget\" data-e-type=\"widget\" data-widget_type=\"button.default\">\n\t\t\t\t<div class=\"elementor-widget-container\">\n\t\t\t\t\t\t\t\t\t<div class=\"elementor-button-wrapper\">\n\t\t\t\t\t<a class=\"elementor-button elementor-button-link elementor-size-sm\" href=\"http:\/\/ecomine.ch\/en\/kontakt\/\">\n\t\t\t\t\t\t<span class=\"elementor-button-content-wrapper\">\n\t\t\t\t\t\t\t\t\t<span class=\"elementor-button-text\">START NOW<\/span>\n\t\t\t\t\t<\/span>\n\t\t\t\t\t<\/a>\n\t\t\t\t<\/div>\n\t\t\t\t\t\t\t\t<\/div>\n\t\t\t\t<\/div>\n\t\t\t\t\t<\/div>\n\t\t\t\t<\/div>\n\t\t\t\t<\/div>","protected":false},"excerpt":{"rendered":"<p>Unser Mining: Effizient, nachhaltig und zukunftsorientiert. Mit modernster Technologie bringen wir Innovation ins Krypto-Mining. Ihr Zugang zu digitalen Assets Was ist Kryptomining? Kryptomining ist der Prozess, bei dem Transaktionen auf Blockchain-Netzwerken best\u00e4tigt werden. Stellen Sie sich vor, es ist wie das \u00dcberpr\u00fcfen von Transaktionen in einem gigantischen digitalen Buch, das als Blockchain bekannt ist. Kryptominer [&hellip;]<\/p>\n","protected":false},"author":1,"featured_media":0,"parent":0,"menu_order":0,"comment_status":"closed","ping_status":"closed","template":"","meta":{"footnotes":""},"class_list":["post-102","page","type-page","status-publish","hentry"],"_links":{"self":[{"href":"https:\/\/ecomine.ch\/en\/wp-json\/wp\/v2\/pages\/102","targetHints":{"allow":["GET"]}}],"collection":[{"href":"https:\/\/ecomine.ch\/en\/wp-json\/wp\/v2\/pages"}],"about":[{"href":"https:\/\/ecomine.ch\/en\/wp-json\/wp\/v2\/types\/page"}],"author":[{"embeddable":true,"href":"https:\/\/ecomine.ch\/en\/wp-json\/wp\/v2\/users\/1"}],"replies":[{"embeddable":true,"href":"https:\/\/ecomine.ch\/en\/wp-json\/wp\/v2\/comments?post=102"}],"version-history":[{"count":0,"href":"https:\/\/ecomine.ch\/en\/wp-json\/wp\/v2\/pages\/102\/revisions"}],"wp:attachment":[{"href":"https:\/\/ecomine.ch\/en\/wp-json\/wp\/v2\/media?parent=102"}],"curies":[{"name":"wp","href":"https:\/\/api.w.org\/{rel}","templated":true}]}}